{"id":116,"date":"2025-09-30T07:21:57","date_gmt":"2025-09-30T07:21:57","guid":{"rendered":"https:\/\/tulipark.it\/prenota-e-raccogli\/catania\/?page_id=116"},"modified":"2026-04-01T13:59:46","modified_gmt":"2026-04-01T12:59:46","slug":"visita-tulipark-catania","status":"publish","type":"page","link":"https:\/\/tulipark.it\/prenota-e-raccogli\/catania\/","title":{"rendered":"Visita TuliPark Catania (Viagrande)"},"content":{"rendered":"<div id=\"pl-gb116-69da5e9d83b67\"  class=\"panel-layout wp-block-siteorigin-panels-layout-block\" ><div id=\"pg-gb116-69da5e9d83b67-0\"  class=\"panel-grid panel-has-style\" ><div class=\"panel-row-style panel-row-style-for-gb116-69da5e9d83b67-0\" ><div id=\"pgc-gb116-69da5e9d83b67-0-0\"  class=\"panel-grid-cell\" ><div id=\"panel-gb116-69da5e9d83b67-0-0-0\" class=\"so-panel widget widget_sow-editor panel-first-child panel-last-child\" data-index=\"0\" ><div\n\t\t\t\n\t\t\tclass=\"so-widget-sow-editor so-widget-sow-editor-base\"\n\t\t\t\n\t\t>\n<div class=\"siteorigin-widget-tinymce textwidget\">\n\t<section class=\"parks-section\">\n<h1 style=\"text-align: center; color: white;\">Scegli il giorno<\/h1>\n<\/section>\n<\/div>\n<\/div><\/div><\/div><\/div><\/div><div id=\"pg-gb116-69da5e9d83b67-1\"  class=\"panel-grid panel-has-style\" ><div class=\"panel-row-style panel-row-style-for-gb116-69da5e9d83b67-1\" ><div id=\"pgc-gb116-69da5e9d83b67-1-0\"  class=\"panel-grid-cell\" ><div id=\"panel-gb116-69da5e9d83b67-1-0-0\" class=\"so-panel widget widget_sow-editor panel-first-child panel-last-child\" data-index=\"1\" ><div class=\"panel-widget-style panel-widget-style-for-gb116-69da5e9d83b67-1-0-0\" ><div\n\t\t\t\n\t\t\tclass=\"so-widget-sow-editor so-widget-sow-editor-base\"\n\t\t\t\n\t\t>\n<div class=\"siteorigin-widget-tinymce textwidget\">\n\t<h3 style=\"text-align: center;\">Complimenti! hai selezionato la citt\u00e0 di CATANIA.<\/h3>\n<p style=\"text-align: center;\"><strong>Scegli il giorno<\/strong> e prenota i tulipani da raccogliere!<\/p>\n<p style=\"text-align: center;\">            <div id='tc_calendar'><\/div>\r\n            <div class=\"tc-responsive-event\"><\/div>\r\n            <!-- <input name=\"event_image_on_hover\" type=\"hidden\" class=\"event_image_on_hover\" value=\"\"\/> -->\r\n            <!-- <input name=\"tc_display_popup_title\" type=\"hidden\" class=\"tc_display_popup_title\" value=\"\"\/> -->\r\n            <script>\r\n                document.addEventListener( 'DOMContentLoaded', function() {\r\n                    var calendarEl = document.getElementById( 'tc_calendar' ),\r\n                        calendar = new FullCalendar.Calendar( calendarEl, {\r\n                        locale: 'it',\r\n                        initialView: 'dayGridMonth',\r\n                        headerToolbar: {\r\n                            left: 'prev,next today',\r\n                            center: 'title',\r\n                            right: 'dayGridMonth,timeGridWeek,timeGridDay'\r\n                        },\r\n                        initialDate:'2026-04-01',\r\n                        \/\/ defaultDate: '',\r\n                        firstDay: 1,\r\n                        \/\/ timeFormat: \"h:mm a\",\r\n                        eventTimeFormat: {\r\n                            hour: '2-digit',\r\n                            minute: '2-digit',\r\n                            hour12: true                        },\r\n                        \/\/ slotLabelFormat: \"h:mm a\",\r\n                        events: [\r\n                            {\r\n                                        title: '11 aprile',\r\n                                        start: '2026-04-11 09:00',\r\n                                        end: '2026-04-11 18:00',\r\n                                        url: 'https:\/\/tulipark.it\/prenota-e-raccogli\/catania\/tc-events\/11-aprile\/',\r\n                                        classNames: 'tcec-event-30753',\r\n                                        backgroundImage: ''\r\n                                        },{\r\n                                        title: '12 aprile',\r\n                                        start: '2026-04-12 09:00',\r\n                                        end: '2026-04-12 18:00',\r\n                                        url: 'https:\/\/tulipark.it\/prenota-e-raccogli\/catania\/tc-events\/12-aprile\/',\r\n                                        classNames: 'tcec-event-30758',\r\n                                        backgroundImage: ''\r\n                                        },{\r\n                                        title: '13 aprile',\r\n                                        start: '2026-04-13 09:00',\r\n                                        end: '2026-04-13 18:00',\r\n                                        url: 'https:\/\/tulipark.it\/prenota-e-raccogli\/catania\/tc-events\/13-aprile\/',\r\n                                        classNames: 'tcec-event-32785',\r\n                                        backgroundImage: ''\r\n                                        },{\r\n                                        title: '14 aprile',\r\n                                        start: '2026-04-14 09:00',\r\n                                        end: '2026-04-14 18:00',\r\n                                        url: 'https:\/\/tulipark.it\/prenota-e-raccogli\/catania\/tc-events\/14-aprile\/',\r\n                                        classNames: 'tcec-event-32926',\r\n                                        backgroundImage: ''\r\n                                        },{\r\n                                        title: '15 aprile',\r\n                                        start: '2026-04-15 09:00',\r\n                                        end: '2026-04-15 18:00',\r\n                                        url: 'https:\/\/tulipark.it\/prenota-e-raccogli\/catania\/tc-events\/15-aprile\/',\r\n                                        classNames: 'tcec-event-32931',\r\n                                        backgroundImage: ''\r\n                                        },{\r\n                                        title: '16 aprile',\r\n                                        start: '2026-04-16 09:00',\r\n                                        end: '2026-04-16 18:00',\r\n                                        url: 'https:\/\/tulipark.it\/prenota-e-raccogli\/catania\/tc-events\/16-aprile\/',\r\n                                        classNames: 'tcec-event-32936',\r\n                                        backgroundImage: ''\r\n                                        },{\r\n                                        title: '17 aprile',\r\n                                        start: '2026-04-17 09:00',\r\n                                        end: '2026-04-17 18:00',\r\n                                        url: 'https:\/\/tulipark.it\/prenota-e-raccogli\/catania\/tc-events\/17-aprile\/',\r\n                                        classNames: 'tcec-event-32941',\r\n                                        backgroundImage: ''\r\n                                        },{\r\n                                        title: '18 aprile',\r\n                                        start: '2026-04-18 09:00',\r\n                                        end: '2026-04-18 18:00',\r\n                                        url: 'https:\/\/tulipark.it\/prenota-e-raccogli\/catania\/tc-events\/18-aprile\/',\r\n                                        classNames: 'tcec-event-32946',\r\n                                        backgroundImage: ''\r\n                                        },{\r\n                                        title: '19 aprile',\r\n                                        start: '2026-04-19 09:00',\r\n                                        end: '2026-04-19 18:00',\r\n                                        url: 'https:\/\/tulipark.it\/prenota-e-raccogli\/catania\/tc-events\/19-aprile\/',\r\n                                        classNames: 'tcec-event-32951',\r\n                                        backgroundImage: ''\r\n                                        },                        ],\r\n                    } );\r\n\r\n                    calendar.render();\r\n                } );\r\n            <\/script>\r\n            <\/p>\n<p><em>La vendita di TuliPark &#8211; Catania sar\u00e0 gestita dalla ETNA TULIPS Societ\u00e0 agricole semplice<\/em><\/p>\n<\/div>\n<\/div><\/div><\/div><\/div><\/div><\/div><div id=\"pg-gb116-69da5e9d83b67-2\"  class=\"panel-grid panel-has-style\" ><div class=\"panel-row-style panel-row-style-for-gb116-69da5e9d83b67-2\" ><div id=\"pgc-gb116-69da5e9d83b67-2-0\"  class=\"panel-grid-cell\" ><div id=\"panel-gb116-69da5e9d83b67-2-0-0\" class=\"so-panel widget widget_sow-editor panel-first-child\" data-index=\"2\" ><div class=\"panel-widget-style panel-widget-style-for-gb116-69da5e9d83b67-2-0-0\" ><div\n\t\t\t\n\t\t\tclass=\"so-widget-sow-editor so-widget-sow-editor-base\"\n\t\t\t\n\t\t>\n<div class=\"siteorigin-widget-tinymce textwidget\">\n\t<h3 style=\"text-align: center;\">Visualizza tariffe<\/h3>\n<\/div>\n<\/div><\/div><\/div><div id=\"panel-gb116-69da5e9d83b67-2-0-1\" class=\"so-panel widget widget_sow-button panel-last-child\" data-index=\"3\" ><div\n\t\t\t\n\t\t\tclass=\"so-widget-sow-button so-widget-sow-button-atom-7cd19779a829-116\"\n\t\t\t\n\t\t><div class=\"ow-button-base ow-button-align-center\"\n>\n\t\t\t<a\n\t\t\t\t\thref=\"https:\/\/tulipark.it\/prenota-e-raccogli\/tariffe\/\"\n\t\t\t\t\tclass=\"sowb-button ow-icon-placement-left ow-button-hover\" target=\"_blank\" rel=\"noopener noreferrer\" \t>\n\t\t<span>\n\t\t\t<span class=\"sow-icon-typicons\" data-sow-icon=\"&#xe11f;\"\n\t\tstyle=\"\" \n\t\taria-hidden=\"true\"><\/span>\n\t\t\tVai\t\t<\/span>\n\t\t\t<\/a>\n\t<\/div>\n<\/div><\/div><\/div><\/div><\/div><div id=\"pg-gb116-69da5e9d83b67-3\"  class=\"panel-grid panel-has-style\" ><div class=\"panel-row-style panel-row-style-for-gb116-69da5e9d83b67-3\" ><div id=\"pgc-gb116-69da5e9d83b67-3-0\"  class=\"panel-grid-cell\" ><div id=\"panel-gb116-69da5e9d83b67-3-0-0\" class=\"so-panel widget widget_sow-editor panel-first-child panel-last-child\" data-index=\"4\" ><div class=\"panel-widget-style panel-widget-style-for-gb116-69da5e9d83b67-3-0-0\" ><div\n\t\t\t\n\t\t\tclass=\"so-widget-sow-editor so-widget-sow-editor-base\"\n\t\t\t\n\t\t>\n<div class=\"siteorigin-widget-tinymce textwidget\">\n\t<h4>Info:<\/h4>\n<ul>\n<li><strong>In caso di pioggia?<\/strong>\u00a0il parco rimarr\u00e0 aperto, ma \u00e8 consigliato Munirsi di k-way e stivaletti.<\/li>\n<li>i bambini inferiori ad 1 metro di altezza,\u00a0<strong>accedono gratis.<\/strong><\/li>\n<li>I buoni non sono nominativi e possono essere ceduti<\/li>\n<\/ul>\n<p><em><strong>* L\u2019acquisto non pu\u00f2 essere rimborsato<\/strong><strong>.<\/strong><\/em><\/p>\n<\/div>\n<\/div><\/div><\/div><\/div><\/div><\/div><\/div>","protected":false},"excerpt":{"rendered":"<p>Scegli il giorno Complimenti! hai selezionato la citt\u00e0 di CATANIA. Scegli il giorno e prenota i tulipani da raccogliere! La vendita di TuliPark &#8211; Catania sar\u00e0 gestita dalla ETNA TULIPS Societ\u00e0 agricole semplice<\/p>\n","protected":false},"author":1,"featured_media":0,"parent":0,"menu_order":15,"comment_status":"closed","ping_status":"closed","template":"","meta":{"footnotes":""},"class_list":["post-116","page","type-page","status-publish","hentry"],"yoast_head":"<!-- This site is optimized with the Yoast SEO plugin v26.9 - https:\/\/yoast.com\/product\/yoast-seo-wordpress\/ -->\n<title>Visita TuliPark Catania (Viagrande) - TuliPark Catania - Prenota e raccogli<\/title>\n<meta name=\"robots\" content=\"index, follow, max-snippet:-1, max-image-preview:large, max-video-preview:-1\" \/>\n<link rel=\"canonical\" href=\"https:\/\/tulipark.it\/prenota-e-raccogli\/catania\/\" \/>\n<meta property=\"og:locale\" content=\"it_IT\" \/>\n<meta property=\"og:type\" content=\"article\" \/>\n<meta property=\"og:title\" content=\"Visita TuliPark Catania (Viagrande) - TuliPark Catania - Prenota e raccogli\" \/>\n<meta property=\"og:description\" content=\"Scegli il giorno Complimenti! hai selezionato la citt\u00e0 di CATANIA. Scegli il giorno e prenota i tulipani da raccogliere! La vendita di TuliPark - Catania sar\u00e0 gestita dalla ETNA TULIPS Societ\u00e0 agricole semplice\" \/>\n<meta property=\"og:url\" content=\"https:\/\/tulipark.it\/prenota-e-raccogli\/catania\/\" \/>\n<meta property=\"og:site_name\" content=\"TuliPark Catania - Prenota e raccogli\" \/>\n<meta property=\"article:publisher\" content=\"https:\/\/www.facebook.com\/tulipark.catania?locale=it_IT\" \/>\n<meta property=\"article:modified_time\" content=\"2026-04-01T12:59:46+00:00\" \/>\n<meta property=\"og:image\" content=\"https:\/\/tulipark.it\/prenota-e-raccogli\/catania\/wp-content\/uploads\/2026\/02\/catania-tulipark.jpg\" \/>\n\t<meta property=\"og:image:width\" content=\"1080\" \/>\n\t<meta property=\"og:image:height\" content=\"1080\" \/>\n\t<meta property=\"og:image:type\" content=\"image\/jpeg\" \/>\n<meta name=\"twitter:card\" content=\"summary_large_image\" \/>\n<meta name=\"twitter:label1\" content=\"Tempo di lettura stimato\" \/>\n\t<meta name=\"twitter:data1\" content=\"1 minuto\" \/>\n<script type=\"application\/ld+json\" class=\"yoast-schema-graph\">{\"@context\":\"https:\/\/schema.org\",\"@graph\":[{\"@type\":\"WebPage\",\"@id\":\"https:\/\/tulipark.it\/prenota-e-raccogli\/catania\/\",\"url\":\"https:\/\/tulipark.it\/prenota-e-raccogli\/catania\/\",\"name\":\"Visita TuliPark Catania (Viagrande) - TuliPark Catania - Prenota e raccogli\",\"isPartOf\":{\"@id\":\"https:\/\/tulipark.it\/prenota-e-raccogli\/catania\/#website\"},\"datePublished\":\"2025-09-30T07:21:57+00:00\",\"dateModified\":\"2026-04-01T12:59:46+00:00\",\"breadcrumb\":{\"@id\":\"https:\/\/tulipark.it\/prenota-e-raccogli\/catania\/#breadcrumb\"},\"inLanguage\":\"it-IT\",\"potentialAction\":[{\"@type\":\"ReadAction\",\"target\":[\"https:\/\/tulipark.it\/prenota-e-raccogli\/catania\/\"]}]},{\"@type\":\"BreadcrumbList\",\"@id\":\"https:\/\/tulipark.it\/prenota-e-raccogli\/catania\/#breadcrumb\",\"itemListElement\":[{\"@type\":\"ListItem\",\"position\":1,\"name\":\"Home\",\"item\":\"https:\/\/tulipark.it\/prenota-e-raccogli\/catania\/\"},{\"@type\":\"ListItem\",\"position\":2,\"name\":\"Visita TuliPark Catania (Viagrande)\"}]},{\"@type\":\"WebSite\",\"@id\":\"https:\/\/tulipark.it\/prenota-e-raccogli\/catania\/#website\",\"url\":\"https:\/\/tulipark.it\/prenota-e-raccogli\/catania\/\",\"name\":\"TuliPark Catania - Prenota e raccogli\",\"description\":\"TuliPark - Emozioni da cogliere\",\"publisher\":{\"@id\":\"https:\/\/tulipark.it\/prenota-e-raccogli\/catania\/#organization\"},\"potentialAction\":[{\"@type\":\"SearchAction\",\"target\":{\"@type\":\"EntryPoint\",\"urlTemplate\":\"https:\/\/tulipark.it\/prenota-e-raccogli\/catania\/?s={search_term_string}\"},\"query-input\":{\"@type\":\"PropertyValueSpecification\",\"valueRequired\":true,\"valueName\":\"search_term_string\"}}],\"inLanguage\":\"it-IT\"},{\"@type\":\"Organization\",\"@id\":\"https:\/\/tulipark.it\/prenota-e-raccogli\/catania\/#organization\",\"name\":\"TuliPark Catania - Prenota e raccogli\",\"url\":\"https:\/\/tulipark.it\/prenota-e-raccogli\/catania\/\",\"logo\":{\"@type\":\"ImageObject\",\"inLanguage\":\"it-IT\",\"@id\":\"https:\/\/tulipark.it\/prenota-e-raccogli\/catania\/#\/schema\/logo\/image\/\",\"url\":\"https:\/\/tulipark.it\/prenota-e-raccogli\/catania\/wp-content\/uploads\/2026\/02\/catania-tulipark.jpg\",\"contentUrl\":\"https:\/\/tulipark.it\/prenota-e-raccogli\/catania\/wp-content\/uploads\/2026\/02\/catania-tulipark.jpg\",\"width\":1080,\"height\":1080,\"caption\":\"TuliPark Catania - Prenota e raccogli\"},\"image\":{\"@id\":\"https:\/\/tulipark.it\/prenota-e-raccogli\/catania\/#\/schema\/logo\/image\/\"},\"sameAs\":[\"https:\/\/www.facebook.com\/tulipark.catania?locale=it_IT\"]}]}<\/script>\n<!-- \/ Yoast SEO plugin. -->","yoast_head_json":{"title":"Visita TuliPark Catania (Viagrande) - TuliPark Catania - Prenota e raccogli","robots":{"index":"index","follow":"follow","max-snippet":"max-snippet:-1","max-image-preview":"max-image-preview:large","max-video-preview":"max-video-preview:-1"},"canonical":"https:\/\/tulipark.it\/prenota-e-raccogli\/catania\/","og_locale":"it_IT","og_type":"article","og_title":"Visita TuliPark Catania (Viagrande) - TuliPark Catania - Prenota e raccogli","og_description":"Scegli il giorno Complimenti! hai selezionato la citt\u00e0 di CATANIA. Scegli il giorno e prenota i tulipani da raccogliere! La vendita di TuliPark - Catania sar\u00e0 gestita dalla ETNA TULIPS Societ\u00e0 agricole semplice","og_url":"https:\/\/tulipark.it\/prenota-e-raccogli\/catania\/","og_site_name":"TuliPark Catania - Prenota e raccogli","article_publisher":"https:\/\/www.facebook.com\/tulipark.catania?locale=it_IT","article_modified_time":"2026-04-01T12:59:46+00:00","og_image":[{"width":1080,"height":1080,"url":"https:\/\/tulipark.it\/prenota-e-raccogli\/catania\/wp-content\/uploads\/2026\/02\/catania-tulipark.jpg","type":"image\/jpeg"}],"twitter_card":"summary_large_image","twitter_misc":{"Tempo di lettura stimato":"1 minuto"},"schema":{"@context":"https:\/\/schema.org","@graph":[{"@type":"WebPage","@id":"https:\/\/tulipark.it\/prenota-e-raccogli\/catania\/","url":"https:\/\/tulipark.it\/prenota-e-raccogli\/catania\/","name":"Visita TuliPark Catania (Viagrande) - TuliPark Catania - Prenota e raccogli","isPartOf":{"@id":"https:\/\/tulipark.it\/prenota-e-raccogli\/catania\/#website"},"datePublished":"2025-09-30T07:21:57+00:00","dateModified":"2026-04-01T12:59:46+00:00","breadcrumb":{"@id":"https:\/\/tulipark.it\/prenota-e-raccogli\/catania\/#breadcrumb"},"inLanguage":"it-IT","potentialAction":[{"@type":"ReadAction","target":["https:\/\/tulipark.it\/prenota-e-raccogli\/catania\/"]}]},{"@type":"BreadcrumbList","@id":"https:\/\/tulipark.it\/prenota-e-raccogli\/catania\/#breadcrumb","itemListElement":[{"@type":"ListItem","position":1,"name":"Home","item":"https:\/\/tulipark.it\/prenota-e-raccogli\/catania\/"},{"@type":"ListItem","position":2,"name":"Visita TuliPark Catania (Viagrande)"}]},{"@type":"WebSite","@id":"https:\/\/tulipark.it\/prenota-e-raccogli\/catania\/#website","url":"https:\/\/tulipark.it\/prenota-e-raccogli\/catania\/","name":"TuliPark Catania - Prenota e raccogli","description":"TuliPark - Emozioni da cogliere","publisher":{"@id":"https:\/\/tulipark.it\/prenota-e-raccogli\/catania\/#organization"},"potentialAction":[{"@type":"SearchAction","target":{"@type":"EntryPoint","urlTemplate":"https:\/\/tulipark.it\/prenota-e-raccogli\/catania\/?s={search_term_string}"},"query-input":{"@type":"PropertyValueSpecification","valueRequired":true,"valueName":"search_term_string"}}],"inLanguage":"it-IT"},{"@type":"Organization","@id":"https:\/\/tulipark.it\/prenota-e-raccogli\/catania\/#organization","name":"TuliPark Catania - Prenota e raccogli","url":"https:\/\/tulipark.it\/prenota-e-raccogli\/catania\/","logo":{"@type":"ImageObject","inLanguage":"it-IT","@id":"https:\/\/tulipark.it\/prenota-e-raccogli\/catania\/#\/schema\/logo\/image\/","url":"https:\/\/tulipark.it\/prenota-e-raccogli\/catania\/wp-content\/uploads\/2026\/02\/catania-tulipark.jpg","contentUrl":"https:\/\/tulipark.it\/prenota-e-raccogli\/catania\/wp-content\/uploads\/2026\/02\/catania-tulipark.jpg","width":1080,"height":1080,"caption":"TuliPark Catania - Prenota e raccogli"},"image":{"@id":"https:\/\/tulipark.it\/prenota-e-raccogli\/catania\/#\/schema\/logo\/image\/"},"sameAs":["https:\/\/www.facebook.com\/tulipark.catania?locale=it_IT"]}]}},"_links":{"self":[{"href":"https:\/\/tulipark.it\/prenota-e-raccogli\/catania\/wp-json\/wp\/v2\/pages\/116","targetHints":{"allow":["GET"]}}],"collection":[{"href":"https:\/\/tulipark.it\/prenota-e-raccogli\/catania\/wp-json\/wp\/v2\/pages"}],"about":[{"href":"https:\/\/tulipark.it\/prenota-e-raccogli\/catania\/wp-json\/wp\/v2\/types\/page"}],"author":[{"embeddable":true,"href":"https:\/\/tulipark.it\/prenota-e-raccogli\/catania\/wp-json\/wp\/v2\/users\/1"}],"replies":[{"embeddable":true,"href":"https:\/\/tulipark.it\/prenota-e-raccogli\/catania\/wp-json\/wp\/v2\/comments?post=116"}],"version-history":[{"count":1,"href":"https:\/\/tulipark.it\/prenota-e-raccogli\/catania\/wp-json\/wp\/v2\/pages\/116\/revisions"}],"predecessor-version":[{"id":32423,"href":"https:\/\/tulipark.it\/prenota-e-raccogli\/catania\/wp-json\/wp\/v2\/pages\/116\/revisions\/32423"}],"wp:attachment":[{"href":"https:\/\/tulipark.it\/prenota-e-raccogli\/catania\/wp-json\/wp\/v2\/media?parent=116"}],"curies":[{"name":"wp","href":"https:\/\/api.w.org\/{rel}","templated":true}]}}