{"id":1085,"date":"2025-06-07T10:09:12","date_gmt":"2025-06-07T08:09:12","guid":{"rendered":"https:\/\/www.tulipark.it\/shop\/?page_id=1085"},"modified":"2025-09-23T12:05:38","modified_gmt":"2025-09-23T10:05:38","slug":"come-piantare-i-bulbi-di-tulipano","status":"publish","type":"page","link":"https:\/\/tulipark.it\/shop\/come-piantare-i-bulbi-di-tulipano\/","title":{"rendered":"Come si piantano i bulbi di tulipano?"},"content":{"rendered":"\t\t<div data-elementor-type=\"wp-page\" data-elementor-id=\"1085\" class=\"elementor elementor-1085\">\n\t\t\t\t\t\t<section class=\"elementor-section elementor-top-section elementor-element elementor-element-96323b8 elementor-section-boxed elementor-section-height-default elementor-section-height-default\" data-id=\"96323b8\" data-element_type=\"section\" data-e-type=\"section\">\r\n\t\t\r\n\t\t\t\t\t\t\t<div class=\"elementor-container elementor-column-gap-default\">\r\n\t\t\t\t\t\t\t\t\t\t\t<div class=\"elementor-column elementor-col-100 elementor-top-column elementor-element elementor-element-9648edb\" data-id=\"9648edb\" data-element_type=\"column\" data-e-type=\"column\">\r\n\t\t\t\t\t<div class=\"elementor-widget-wrap elementor-element-populated\">\r\n\t\t\t\t\t\t\t\t<div class=\"elementor-element elementor-element-ea4fff9 elementor-widget elementor-widget-porto_ultimate_heading\" data-id=\"ea4fff9\" data-element_type=\"widget\" data-e-type=\"widget\" data-widget_type=\"porto_ultimate_heading.default\">\n\t\t\t\t<div class=\"elementor-widget-container\">\n\t\t\t\t\t<div class=\"porto-u-heading  porto-u-bd11424de395366805213f3c847c9ae4\"><div class=\"porto-u-main-heading\"><h2   >COME E QUANDO SI PIANTANO I BULBI DI TULIPANO?<\/h2><\/div><style>.porto-u-bd11424de395366805213f3c847c9ae4.porto-u-heading{text-align:center}<\/style><\/div>\t\t\t\t<\/div>\n\t\t\t\t<\/div>\n\t\t\t\t\t<\/div>\r\n\t\t\t\t<\/div>\r\n\t\t\t\t\t<\/div>\r\n\t\t\t\t<\/section>\r\n\t\t\t\t<section class=\"elementor-section elementor-top-section elementor-element elementor-element-3efe37fa elementor-section-boxed elementor-section-height-default elementor-section-height-default\" data-id=\"3efe37fa\" data-element_type=\"section\" data-e-type=\"section\">\r\n\t\t\r\n\t\t\t\t\t\t\t<div class=\"elementor-container elementor-column-gap-default\">\r\n\t\t\t\t\t\t\t\t\t\t\t<div class=\"elementor-column elementor-col-100 elementor-top-column elementor-element elementor-element-f545fcd\" data-id=\"f545fcd\" data-element_type=\"column\" data-e-type=\"column\">\r\n\t\t\t\t\t<div class=\"elementor-widget-wrap elementor-element-populated\">\r\n\t\t\t\t\t\t\t\t<div class=\"elementor-element elementor-element-18b90b70 elementor-widget elementor-widget-text-editor\" data-id=\"18b90b70\" data-element_type=\"widget\" data-e-type=\"widget\" data-widget_type=\"text-editor.default\">\n\t\t\t\t<div class=\"elementor-widget-container\">\n\t\t\t\t\t\t\t\t\t<div id=\"pl-1085\" class=\"panel-layout\">\n<div id=\"pg-1085-0\" class=\"panel-grid panel-no-style\" data-style=\"{&quot;background_image_attachment&quot;:false,&quot;background_display&quot;:&quot;tile&quot;,&quot;cell_alignment&quot;:&quot;flex-start&quot;}\" data-ratio=\"1\" data-ratio-direction=\"right\">\n<div id=\"pgc-1085-0-0\" class=\"panel-grid-cell\" data-weight=\"1\">\n<div id=\"panel-1085-0-0-0\" class=\"so-panel widget widget_sow-editor panel-first-child panel-last-child\" data-index=\"0\" data-style=\"{&quot;background_image_attachment&quot;:false,&quot;background_display&quot;:&quot;tile&quot;}\">\n<div class=\"so-widget-sow-editor so-widget-sow-editor-base\">\n<div class=\"siteorigin-widget-tinymce textwidget\">\n<p><img fetchpriority=\"high\" decoding=\"async\" class=\"alignnone size-full wp-image-668\" src=\"https:\/\/tulipark.it\/shop\/wp-content\/uploads\/2018\/06\/footer-piantare-tulipani.jpg\" alt=\"\" width=\"1536\" height=\"864\" srcset=\"https:\/\/tulipark.it\/shop\/wp-content\/uploads\/2018\/06\/footer-piantare-tulipani.jpg 1536w, https:\/\/tulipark.it\/shop\/wp-content\/uploads\/2018\/06\/footer-piantare-tulipani-600x338.jpg 600w, https:\/\/tulipark.it\/shop\/wp-content\/uploads\/2018\/06\/footer-piantare-tulipani-768x432.jpg 768w, https:\/\/tulipark.it\/shop\/wp-content\/uploads\/2018\/06\/footer-piantare-tulipani-1024x576.jpg 1024w\" sizes=\"(max-width: 1536px) 100vw, 1536px\" \/><\/p>\n<h2><span style=\"color: #26488f;\">Domande frequenti (F.a.q.)<\/span><\/h2>\n<p style=\"text-align: justify;\"><strong>Domande frequenti sui bulbi, <\/strong>ad esempio su come funziona la semina, quando si piantano e come prendersene cura.<\/p>\n<h5><strong>Come si piantano i bulbi di tulipano?<\/strong><\/h5>\n<ul>\n<li>Interrate i<strong>&nbsp;bulbi&nbsp;<\/strong>alla profondit\u00e0 di 10 cm&nbsp; circa (la profondit\u00e0 dell\u2019impianto \u00e8 sempre pari a 3 volte il diametro del bulbo o del seme da piantare).<\/li>\n<li>Rispettate una distanza tra un&nbsp;<strong>tulipano&nbsp;<\/strong>e l\u2019altro pari a 9 \u2013 13 cm. Piantumate il bulbo con la punta rivolta verso l\u2019alto.<\/li>\n<li>Coprite di terreno e bagnare leggermente (Attenzione il terreno deve essere asciutto).<\/li>\n<\/ul>\n<h5><strong>E nel vaso?<\/strong><\/h5>\n<p>Le regole per la messa a dimora sono le uguali. Per sostenere la crescita dei tulipani in vaso si consiglia di ricorrere a una concimazione primaverile. Sul fondo del vaso, dovrete disporre uno strato (circa 1 cm) di argilla espansa e riempire il vaso con terriccio leggero per bulbose.&nbsp; L\u2019argilla espansa li protegger\u00e0 anche se date troppa acqua.<\/p>\n<h5><strong>Come curare i tulipani<\/strong><\/h5>\n<p>I tulipani amano un ambiente con ricchi ricambi d\u2019aria e di non disporre i vasi non direttamente al sole. Questo preserver\u00e0 i bulbi da marciumi e dalla comparsa di malattie.<\/p>\n<p>I tulipani soffrono molto i ristagni, quindi \u00e8 importante innaffiare con moderazione solo durante la stagione vegetative. Per ottenere bulbi di qualit\u00e0 per la stagione successiva, alla fine della fioritura, \u00e8 meglio recidere il fiore e lasciare al bulbo solo le foglie, in questo modo il bulbo preserver\u00e0 le energie altrimenti investite per la maturazione dei semi.<\/p>\n<h5><strong>Quando si piantano i tulipani?<\/strong><\/h5>\n<p>Il periodo perfetto per piantare i tulipani, va da Met\u00e0 Ottobre a Massimo FINE Dicembre, <strong>mentre la fioritura avviene in primavera, fino a maggio in alcuni casi<\/strong><\/p>\n<\/div>\n<\/div>\n<\/div>\n<\/div>\n<\/div>\n<\/div>\t\t\t\t\t\t\t\t<\/div>\n\t\t\t\t<\/div>\n\t\t\t\t\t<\/div>\r\n\t\t\t\t<\/div>\r\n\t\t\t\t\t<\/div>\r\n\t\t\t\t<\/section>\r\n\t\t\t\t<\/div>\n\t\t","protected":false},"excerpt":{"rendered":"<p>COME E QUANDO SI PIANTANO I BULBI DI TULIPANO? Domande frequenti (F.a.q.) Domande frequenti sui bulbi, ad esempio su come funziona la semina, quando si piantano e come prendersene cura. Come si piantano i bulbi di tulipano? Interrate i&nbsp;bulbi&nbsp;alla profondit\u00e0 di 10 cm&nbsp; circa (la profondit\u00e0 dell\u2019impianto \u00e8 sempre pari a 3 volte il diametro [&hellip;]<\/p>\n","protected":false},"author":1,"featured_media":0,"parent":0,"menu_order":0,"comment_status":"closed","ping_status":"closed","template":"","meta":{"footnotes":""},"class_list":["post-1085","page","type-page","status-publish","hentry"],"yoast_head":"<!-- This site is optimized with the Yoast SEO Premium plugin v27.5 (Yoast SEO v27.5) - https:\/\/yoast.com\/product\/yoast-seo-premium-wordpress\/ -->\n<title>Come si piantano i bulbi di tulipano? | TuliPark\u00ae - Vendita bulbi di tulipano online<\/title>\n<meta name=\"description\" content=\"Scopri quando e come piantare i bulbi di tulipano per ottenere una fioritura spettacolare. Consigli pratici per un giardino colorato!\" \/>\n<meta name=\"robots\" content=\"index, follow, max-snippet:-1, max-image-preview:large, max-video-preview:-1\" \/>\n<link rel=\"canonical\" href=\"https:\/\/tulipark.it\/shop\/come-piantare-i-bulbi-di-tulipano\/\" \/>\n<meta property=\"og:locale\" content=\"it_IT\" \/>\n<meta property=\"og:type\" content=\"article\" \/>\n<meta property=\"og:title\" content=\"Come si piantano i bulbi di tulipano?\" \/>\n<meta property=\"og:description\" content=\"COME E QUANDO SI PIANTANO I BULBI DI TULIPANO? Domande frequenti (F.a.q.) Domande frequenti sui bulbi, ad esempio su come funziona la semina, quando si\" \/>\n<meta property=\"og:url\" content=\"https:\/\/tulipark.it\/shop\/come-piantare-i-bulbi-di-tulipano\/\" \/>\n<meta property=\"og:site_name\" content=\"TuliPark\u00ae - Vendita bulbi di tulipano online\" \/>\n<meta property=\"article:publisher\" content=\"https:\/\/it-it.facebook.com\/tuliparkroma\/\" \/>\n<meta property=\"article:modified_time\" content=\"2025-09-23T10:05:38+00:00\" \/>\n<meta property=\"og:image\" content=\"https:\/\/tulipark.it\/shop\/wp-content\/uploads\/2018\/06\/footer-piantare-tulipani.jpg\" \/>\n<meta name=\"twitter:card\" content=\"summary_large_image\" \/>\n<meta name=\"twitter:site\" content=\"@tulipark_roma\" \/>\n<meta name=\"twitter:label1\" content=\"Tempo di lettura stimato\" \/>\n\t<meta name=\"twitter:data1\" content=\"2 minuti\" \/>\n<script type=\"application\/ld+json\" class=\"yoast-schema-graph\">{\"@context\":\"https:\\\/\\\/schema.org\",\"@graph\":[{\"@type\":\"WebPage\",\"@id\":\"https:\\\/\\\/tulipark.it\\\/shop\\\/come-piantare-i-bulbi-di-tulipano\\\/\",\"url\":\"https:\\\/\\\/tulipark.it\\\/shop\\\/come-piantare-i-bulbi-di-tulipano\\\/\",\"name\":\"Come si piantano i bulbi di tulipano? | TuliPark\u00ae - Vendita bulbi di tulipano online\",\"isPartOf\":{\"@id\":\"https:\\\/\\\/tulipark.it\\\/shop\\\/#website\"},\"primaryImageOfPage\":{\"@id\":\"https:\\\/\\\/tulipark.it\\\/shop\\\/come-piantare-i-bulbi-di-tulipano\\\/#primaryimage\"},\"image\":{\"@id\":\"https:\\\/\\\/tulipark.it\\\/shop\\\/come-piantare-i-bulbi-di-tulipano\\\/#primaryimage\"},\"thumbnailUrl\":\"https:\\\/\\\/tulipark.it\\\/shop\\\/wp-content\\\/uploads\\\/2018\\\/06\\\/footer-piantare-tulipani.jpg\",\"datePublished\":\"2025-06-07T08:09:12+00:00\",\"dateModified\":\"2025-09-23T10:05:38+00:00\",\"description\":\"Scopri quando e come piantare i bulbi di tulipano per ottenere una fioritura spettacolare. Consigli pratici per un giardino colorato!\",\"breadcrumb\":{\"@id\":\"https:\\\/\\\/tulipark.it\\\/shop\\\/come-piantare-i-bulbi-di-tulipano\\\/#breadcrumb\"},\"inLanguage\":\"it-IT\",\"potentialAction\":[{\"@type\":\"ReadAction\",\"target\":[\"https:\\\/\\\/tulipark.it\\\/shop\\\/come-piantare-i-bulbi-di-tulipano\\\/\"]}]},{\"@type\":\"ImageObject\",\"inLanguage\":\"it-IT\",\"@id\":\"https:\\\/\\\/tulipark.it\\\/shop\\\/come-piantare-i-bulbi-di-tulipano\\\/#primaryimage\",\"url\":\"https:\\\/\\\/tulipark.it\\\/shop\\\/wp-content\\\/uploads\\\/2018\\\/06\\\/footer-piantare-tulipani.jpg\",\"contentUrl\":\"https:\\\/\\\/tulipark.it\\\/shop\\\/wp-content\\\/uploads\\\/2018\\\/06\\\/footer-piantare-tulipani.jpg\",\"width\":1536,\"height\":864},{\"@type\":\"BreadcrumbList\",\"@id\":\"https:\\\/\\\/tulipark.it\\\/shop\\\/come-piantare-i-bulbi-di-tulipano\\\/#breadcrumb\",\"itemListElement\":[{\"@type\":\"ListItem\",\"position\":1,\"name\":\"Home\",\"item\":\"https:\\\/\\\/tulipark.it\\\/shop\\\/\"},{\"@type\":\"ListItem\",\"position\":2,\"name\":\"Come si piantano i bulbi di tulipano?\"}]},{\"@type\":\"WebSite\",\"@id\":\"https:\\\/\\\/tulipark.it\\\/shop\\\/#website\",\"url\":\"https:\\\/\\\/tulipark.it\\\/shop\\\/\",\"name\":\"Vendita Bulbi di Tulipano Online \u2013 Spedizione dall\u2019Italia\",\"description\":\"Emozioni da cogliere\",\"publisher\":{\"@id\":\"https:\\\/\\\/tulipark.it\\\/shop\\\/#organization\"},\"alternateName\":\"Compra bulbi di tulipano\",\"potentialAction\":[{\"@type\":\"SearchAction\",\"target\":{\"@type\":\"EntryPoint\",\"urlTemplate\":\"https:\\\/\\\/tulipark.it\\\/shop\\\/?s={search_term_string}\"},\"query-input\":{\"@type\":\"PropertyValueSpecification\",\"valueRequired\":true,\"valueName\":\"search_term_string\"}}],\"inLanguage\":\"it-IT\"},{\"@type\":\"Organization\",\"@id\":\"https:\\\/\\\/tulipark.it\\\/shop\\\/#organization\",\"name\":\"TuliPark\u00ae\",\"alternateName\":\"TuliPark bulbi online\",\"url\":\"https:\\\/\\\/tulipark.it\\\/shop\\\/\",\"logo\":{\"@type\":\"ImageObject\",\"inLanguage\":\"it-IT\",\"@id\":\"https:\\\/\\\/tulipark.it\\\/shop\\\/#\\\/schema\\\/logo\\\/image\\\/\",\"url\":\"https:\\\/\\\/tulipark.it\\\/shop\\\/wp-content\\\/uploads\\\/2022\\\/07\\\/rotondo-logo-TULIPARK-registrato-1024x873-1.png\",\"contentUrl\":\"https:\\\/\\\/tulipark.it\\\/shop\\\/wp-content\\\/uploads\\\/2022\\\/07\\\/rotondo-logo-TULIPARK-registrato-1024x873-1.png\",\"width\":1024,\"height\":873,\"caption\":\"TuliPark\u00ae\"},\"image\":{\"@id\":\"https:\\\/\\\/tulipark.it\\\/shop\\\/#\\\/schema\\\/logo\\\/image\\\/\"},\"sameAs\":[\"https:\\\/\\\/it-it.facebook.com\\\/tuliparkroma\\\/\",\"https:\\\/\\\/x.com\\\/tulipark_roma\",\"https:\\\/\\\/www.instagram.com\\\/tulipark.roma\"],\"description\":\"TuliPark shop, \u00e8 gestito dalla DVCOM SRLS, che gestisce parchi a tema tulipano in Italia. Vendiamo i bulbi di tulipani come quelli piantati nei nostri parchi, professionali a fioritura garantita.\",\"email\":\"amministrazione@tulipark.it\",\"telephone\":\"3806342394\",\"legalName\":\"DVCOM srls\",\"foundingDate\":\"2017-06-20\",\"vatID\":\"15639501004\",\"publishingPrinciples\":\"https:\\\/\\\/tulipark.it\\\/shop\\\/condizioni-generali-di-vendita\\\/\"}]}<\/script>\n<!-- \/ Yoast SEO Premium plugin. -->","yoast_head_json":{"title":"Come si piantano i bulbi di tulipano? | TuliPark\u00ae - Vendita bulbi di tulipano online","description":"Scopri quando e come piantare i bulbi di tulipano per ottenere una fioritura spettacolare. Consigli pratici per un giardino colorato!","robots":{"index":"index","follow":"follow","max-snippet":"max-snippet:-1","max-image-preview":"max-image-preview:large","max-video-preview":"max-video-preview:-1"},"canonical":"https:\/\/tulipark.it\/shop\/come-piantare-i-bulbi-di-tulipano\/","og_locale":"it_IT","og_type":"article","og_title":"Come si piantano i bulbi di tulipano?","og_description":"COME E QUANDO SI PIANTANO I BULBI DI TULIPANO? Domande frequenti (F.a.q.) Domande frequenti sui bulbi, ad esempio su come funziona la semina, quando si","og_url":"https:\/\/tulipark.it\/shop\/come-piantare-i-bulbi-di-tulipano\/","og_site_name":"TuliPark\u00ae - Vendita bulbi di tulipano online","article_publisher":"https:\/\/it-it.facebook.com\/tuliparkroma\/","article_modified_time":"2025-09-23T10:05:38+00:00","og_image":[{"url":"https:\/\/tulipark.it\/shop\/wp-content\/uploads\/2018\/06\/footer-piantare-tulipani.jpg","type":"","width":"","height":""}],"twitter_card":"summary_large_image","twitter_site":"@tulipark_roma","twitter_misc":{"Tempo di lettura stimato":"2 minuti"},"schema":{"@context":"https:\/\/schema.org","@graph":[{"@type":"WebPage","@id":"https:\/\/tulipark.it\/shop\/come-piantare-i-bulbi-di-tulipano\/","url":"https:\/\/tulipark.it\/shop\/come-piantare-i-bulbi-di-tulipano\/","name":"Come si piantano i bulbi di tulipano? | TuliPark\u00ae - Vendita bulbi di tulipano online","isPartOf":{"@id":"https:\/\/tulipark.it\/shop\/#website"},"primaryImageOfPage":{"@id":"https:\/\/tulipark.it\/shop\/come-piantare-i-bulbi-di-tulipano\/#primaryimage"},"image":{"@id":"https:\/\/tulipark.it\/shop\/come-piantare-i-bulbi-di-tulipano\/#primaryimage"},"thumbnailUrl":"https:\/\/tulipark.it\/shop\/wp-content\/uploads\/2018\/06\/footer-piantare-tulipani.jpg","datePublished":"2025-06-07T08:09:12+00:00","dateModified":"2025-09-23T10:05:38+00:00","description":"Scopri quando e come piantare i bulbi di tulipano per ottenere una fioritura spettacolare. Consigli pratici per un giardino colorato!","breadcrumb":{"@id":"https:\/\/tulipark.it\/shop\/come-piantare-i-bulbi-di-tulipano\/#breadcrumb"},"inLanguage":"it-IT","potentialAction":[{"@type":"ReadAction","target":["https:\/\/tulipark.it\/shop\/come-piantare-i-bulbi-di-tulipano\/"]}]},{"@type":"ImageObject","inLanguage":"it-IT","@id":"https:\/\/tulipark.it\/shop\/come-piantare-i-bulbi-di-tulipano\/#primaryimage","url":"https:\/\/tulipark.it\/shop\/wp-content\/uploads\/2018\/06\/footer-piantare-tulipani.jpg","contentUrl":"https:\/\/tulipark.it\/shop\/wp-content\/uploads\/2018\/06\/footer-piantare-tulipani.jpg","width":1536,"height":864},{"@type":"BreadcrumbList","@id":"https:\/\/tulipark.it\/shop\/come-piantare-i-bulbi-di-tulipano\/#breadcrumb","itemListElement":[{"@type":"ListItem","position":1,"name":"Home","item":"https:\/\/tulipark.it\/shop\/"},{"@type":"ListItem","position":2,"name":"Come si piantano i bulbi di tulipano?"}]},{"@type":"WebSite","@id":"https:\/\/tulipark.it\/shop\/#website","url":"https:\/\/tulipark.it\/shop\/","name":"Vendita Bulbi di Tulipano Online \u2013 Spedizione dall\u2019Italia","description":"Emozioni da cogliere","publisher":{"@id":"https:\/\/tulipark.it\/shop\/#organization"},"alternateName":"Compra bulbi di tulipano","potentialAction":[{"@type":"SearchAction","target":{"@type":"EntryPoint","urlTemplate":"https:\/\/tulipark.it\/shop\/?s={search_term_string}"},"query-input":{"@type":"PropertyValueSpecification","valueRequired":true,"valueName":"search_term_string"}}],"inLanguage":"it-IT"},{"@type":"Organization","@id":"https:\/\/tulipark.it\/shop\/#organization","name":"TuliPark\u00ae","alternateName":"TuliPark bulbi online","url":"https:\/\/tulipark.it\/shop\/","logo":{"@type":"ImageObject","inLanguage":"it-IT","@id":"https:\/\/tulipark.it\/shop\/#\/schema\/logo\/image\/","url":"https:\/\/tulipark.it\/shop\/wp-content\/uploads\/2022\/07\/rotondo-logo-TULIPARK-registrato-1024x873-1.png","contentUrl":"https:\/\/tulipark.it\/shop\/wp-content\/uploads\/2022\/07\/rotondo-logo-TULIPARK-registrato-1024x873-1.png","width":1024,"height":873,"caption":"TuliPark\u00ae"},"image":{"@id":"https:\/\/tulipark.it\/shop\/#\/schema\/logo\/image\/"},"sameAs":["https:\/\/it-it.facebook.com\/tuliparkroma\/","https:\/\/x.com\/tulipark_roma","https:\/\/www.instagram.com\/tulipark.roma"],"description":"TuliPark shop, \u00e8 gestito dalla DVCOM SRLS, che gestisce parchi a tema tulipano in Italia. Vendiamo i bulbi di tulipani come quelli piantati nei nostri parchi, professionali a fioritura garantita.","email":"amministrazione@tulipark.it","telephone":"3806342394","legalName":"DVCOM srls","foundingDate":"2017-06-20","vatID":"15639501004","publishingPrinciples":"https:\/\/tulipark.it\/shop\/condizioni-generali-di-vendita\/"}]}},"_links":{"self":[{"href":"https:\/\/tulipark.it\/shop\/wp-json\/wp\/v2\/pages\/1085","targetHints":{"allow":["GET"]}}],"collection":[{"href":"https:\/\/tulipark.it\/shop\/wp-json\/wp\/v2\/pages"}],"about":[{"href":"https:\/\/tulipark.it\/shop\/wp-json\/wp\/v2\/types\/page"}],"author":[{"embeddable":true,"href":"https:\/\/tulipark.it\/shop\/wp-json\/wp\/v2\/users\/1"}],"replies":[{"embeddable":true,"href":"https:\/\/tulipark.it\/shop\/wp-json\/wp\/v2\/comments?post=1085"}],"version-history":[{"count":0,"href":"https:\/\/tulipark.it\/shop\/wp-json\/wp\/v2\/pages\/1085\/revisions"}],"wp:attachment":[{"href":"https:\/\/tulipark.it\/shop\/wp-json\/wp\/v2\/media?parent=1085"}],"curies":[{"name":"wp","href":"https:\/\/api.w.org\/{rel}","templated":true}]}}