{"id":9804,"date":"2025-09-24T11:01:37","date_gmt":"2025-09-24T09:01:37","guid":{"rendered":"https:\/\/tulipark.it\/shop\/?post_type=product&#038;p=9804"},"modified":"2025-10-31T10:12:39","modified_gmt":"2025-10-31T09:12:39","slug":"vega","status":"publish","type":"product","link":"https:\/\/tulipark.it\/shop\/negozio\/vega\/","title":{"rendered":"Vega"},"content":{"rendered":"<div class=\"two-third \">\n<div class=\"two-third \">\n<div class=\"two-third \">\n<h3><strong>Periodo messa a dimora Bulbi Tulipano<\/strong><\/h3>\n<table border=\"0\" cellspacing=\"5\" cellpadding=\"5\">\n<tbody>\n<tr>\n<td>Ottobre<\/td>\n<td>Novembre<\/td>\n<\/tr>\n<tr>\n<td><img decoding=\"async\" class=\"wp-image-192 alignleft\" src=\"https:\/\/tulipark.it\/shop\/wp-content\/uploads\/2018\/05\/sign-check-icon-300x300.png\" alt=\"\" width=\"21\" height=\"21\" \/><\/td>\n<td><img decoding=\"async\" class=\"wp-image-192 alignleft\" src=\"https:\/\/tulipark.it\/shop\/wp-content\/uploads\/2018\/05\/sign-check-icon-300x300.png\" alt=\"\" width=\"21\" height=\"21\" \/><\/td>\n<\/tr>\n<\/tbody>\n<\/table>\n<h3><strong>Periodo fioritura Bulbi<\/strong><\/h3>\n<table border=\"0\" cellspacing=\"5\" cellpadding=\"5\">\n<tbody>\n<tr>\n<td>Marzo<\/td>\n<td>Aprile<\/td>\n<\/tr>\n<tr>\n<td><img decoding=\"async\" class=\"wp-image-192 alignleft\" src=\"https:\/\/tulipark.it\/shop\/wp-content\/uploads\/2018\/05\/sign-check-icon-300x300.png\" alt=\"\" width=\"21\" height=\"21\" \/><\/td>\n<td><img decoding=\"async\" class=\"wp-image-192 alignleft\" src=\"https:\/\/tulipark.it\/shop\/wp-content\/uploads\/2018\/05\/sign-check-icon-300x300.png\" alt=\"\" width=\"21\" height=\"21\" \/><\/td>\n<\/tr>\n<\/tbody>\n<\/table>\n<div><\/div>\n<h3>Info Coltivazione Bulbi di tulipano<\/h3>\n<div><\/div>\n<div class=\"clear space\">\n<table border=\"0\" cellspacing=\"5\" cellpadding=\"5\">\n<tbody>\n<tr>\n<td colspan=\"3\" valign=\"top\"><strong>Terreno:\u00a0<\/strong><\/td>\n<td colspan=\"3\" valign=\"top\">I tulipani prediligono terreni fertili e ben drenati (non sopportano l\u2019umidit\u00e0 eccessiva e il caldo).<\/td>\n<\/tr>\n<tr>\n<td colspan=\"2\" valign=\"top\"><strong>Innaffiature:\u00a0<\/strong><\/td>\n<td colspan=\"4\" valign=\"top\">Durante la crescita, innaffiare con moderazione.<\/td>\n<\/tr>\n<\/tbody>\n<\/table>\n<\/div>\n<\/div>\n<div class=\"one-third last\">\n<div class=\"clear space\"><\/div>\n<div class=\"clear space\"><\/div>\n<table border=\"0\" width=\"100%\" cellspacing=\"5\" cellpadding=\"5\">\n<tbody>\n<tr>\n<td width=\"30%\"><strong>Esposizione ideale Bulbi Tulipano:<\/strong><\/td>\n<td width=\"70%\">Mezz\u2019ombra<\/td>\n<\/tr>\n<tr>\n<td width=\"10%\"><strong>Ideali da recidere:<\/strong><\/td>\n<td width=\"90%\">Ideali da Recidere: Si<\/td>\n<\/tr>\n<tr>\n<td width=\"10%\"><strong>Altezza pianta:<\/strong><\/td>\n<td width=\"90%\">Altezza Pianta: 30-60 cm<\/td>\n<\/tr>\n<tr>\n<td width=\"10%\"><strong>Distanza tra i bulbi:<\/strong><\/td>\n<td width=\"90%\">Distanza Bulbi min: 12 cm<\/td>\n<\/tr>\n<tr>\n<td width=\"10%\"><strong>Profondit\u00e0 messa a dimora bulbi:<\/strong><\/td>\n<td width=\"90%\">Profondit\u00e0 Bulbi: 8-10 cm<\/td>\n<\/tr>\n<tr>\n<td width=\"10%\"><strong>Temperatura ideale Bulbi Tulipano:<\/strong><\/td>\n<td width=\"90%\">Temp. Ideale: da 5 a 18 \u00b0C<\/td>\n<\/tr>\n<\/tbody>\n<\/table>\n<\/div>\n<\/div>\n<div class=\"one-third last\"><\/div>\n<\/div>\n<div class=\"one-third last\"><\/div>\n","protected":false},"excerpt":{"rendered":"<p><img decoding=\"async\" class=\"aligncenter\" src=\"https:\/\/floranixena.it\/wp-content\/uploads\/2018\/12\/spedizione-furgone.png\" \/><span style=\"color: #339966;\"><strong>Info utili: I bulbi di tulipano vengono spediti a partire da ottobre-novembre di ogni anno!<\/strong><\/span><\/p>\n<p>Il tulipano vega \u00e8 un ricco castano-marrone con uno spesso bordo giallo aurora. \u00e8 di colore giallo, bordeaux fiammato dal basso verso l&#8217;alto con una bella forma ovale.<\/p>\n<p data-start=\"0\" data-end=\"116\"><strong>Vega<\/strong> \u00e8 un tulipano <strong data-start=\"28\" data-end=\"45\">Darwin Hybrid<\/strong> \ud83c\udf37, apprezzato per i suoi fiori grandi e la fioritura medio-tardiva.<\/p>\n<p data-start=\"118\" data-end=\"151\"><strong data-start=\"118\" data-end=\"149\">Caratteristiche principali:<\/strong><\/p>\n<ul data-start=\"152\" data-end=\"488\">\n<li data-start=\"152\" data-end=\"181\">\n<p data-start=\"154\" data-end=\"181\"><strong data-start=\"154\" data-end=\"165\">Gruppo:<\/strong> Darwin Hybrid<\/p>\n<\/li>\n<li data-start=\"182\" data-end=\"248\">\n<p data-start=\"184\" data-end=\"248\"><strong data-start=\"184\" data-end=\"195\">Colore:<\/strong> rosa chiaro con sfumature delicate, molto elegante<\/p>\n<\/li>\n<li data-start=\"249\" data-end=\"280\">\n<p data-start=\"251\" data-end=\"280\"><strong data-start=\"251\" data-end=\"263\">Altezza:<\/strong> circa 50\u201360 cm<\/p>\n<\/li>\n<li data-start=\"281\" data-end=\"330\">\n<p data-start=\"283\" data-end=\"330\"><strong data-start=\"283\" data-end=\"297\">Fioritura:<\/strong> met\u00e0 primavera (inizio aprile)<\/p>\n<\/li>\n<li data-start=\"331\" data-end=\"488\">\n<p data-start=\"333\" data-end=\"488\"><strong data-start=\"333\" data-end=\"353\">Caratteristiche:<\/strong> fiori grandi e robusti, ideali per aiuole, bordure e mazzi da taglio; resistente a vento e pioggia; perfetto per giardini decorativi<\/p>\n<\/li>\n<\/ul>\n<p>Scegli la quantit\u00e0 dal menu a tendina<\/p>\n","protected":false},"featured_media":11011,"template":"","meta":[],"product_brand":[],"product_cat":[551,24,22,21,20],"product_tag":[],"class_list":{"0":"post-9804","1":"product","2":"type-product","3":"status-publish","4":"has-post-thumbnail","6":"product_cat-triumph","7":"product_cat-bulbi-e-sementi-da-fiore-online","8":"product_cat-classici","9":"product_cat-speciali","10":"product_cat-bicolore","12":"first","13":"outofstock","14":"taxable","15":"shipping-taxable","16":"purchasable","17":"product-type-variable","18":"has-default-attributes"},"yoast_head":"<!-- This site is optimized with the Yoast SEO Premium plugin v27.1 (Yoast SEO v27.1.1) - https:\/\/yoast.com\/product\/yoast-seo-premium-wordpress\/ -->\n<title>Vega (Marrone Giallo) | TuliPark\u00ae - Vendita bulbi di tulipano online<\/title>\n<meta name=\"description\" content=\"Il tulipano vega \u00e8 un ricco castano-marrone con uno spesso bordo giallo aurora. \u00e8 di colore giallo, bordeaux fiammato dal basso verso l&#039;alto.\" \/>\n<meta name=\"robots\" content=\"index, follow, max-snippet:-1, max-image-preview:large, max-video-preview:-1\" \/>\n<link rel=\"canonical\" href=\"https:\/\/tulipark.it\/shop\/negozio\/vega\/\" \/>\n<meta property=\"og:locale\" content=\"it_IT\" \/>\n<meta property=\"og:type\" content=\"article\" \/>\n<meta property=\"og:title\" content=\"Vega\" \/>\n<meta property=\"og:description\" content=\"Info utili: I bulbi di tulipano vengono spediti a partire da ottobre-novembre di ogni anno!  Il tulipano vega \u00e8 un ricco castano-marrone con uno spesso bordo giallo aurora. \u00e8 di colore giallo, bordeaux fiammato dal basso verso l&#039;alto con una bella forma ovale. Vega \u00e8 un tulipano Darwin Hybrid \ud83c\udf37, apprezzato per i suoi fiori grandi e la fioritura medio-tardiva. Caratteristiche principali:     Gruppo: Darwin Hybrid    Colore: rosa chiaro con sfumature delicate, molto elegante    Altezza: circa 50\u201360 cm    Fioritura: met\u00e0 primavera (inizio aprile)    Caratteristiche: fiori grandi e robusti, ideali per aiuole, bordure e mazzi da taglio; resistente a vento e pioggia; perfetto per giardini decorativi   Scegli la quantit\u00e0 dal menu a tendina\" \/>\n<meta property=\"og:url\" content=\"https:\/\/tulipark.it\/shop\/negozio\/vega\/\" \/>\n<meta property=\"og:site_name\" content=\"TuliPark\u00ae - Vendita bulbi di tulipano online\" \/>\n<meta property=\"article:publisher\" content=\"https:\/\/it-it.facebook.com\/tuliparkroma\/\" \/>\n<meta property=\"article:modified_time\" content=\"2025-10-31T09:12:39+00:00\" \/>\n<meta property=\"og:image\" content=\"https:\/\/tulipark.it\/shop\/wp-content\/uploads\/2022\/09\/Bulbi-di-tulipano-vega-TuliPark.jpg\" \/>\n\t<meta property=\"og:image:width\" content=\"1080\" \/>\n\t<meta property=\"og:image:height\" content=\"1080\" \/>\n\t<meta property=\"og:image:type\" content=\"image\/jpeg\" \/>\n<meta name=\"twitter:card\" content=\"summary_large_image\" \/>\n<meta name=\"twitter:site\" content=\"@tulipark_roma\" \/>\n<meta name=\"twitter:label1\" content=\"Tempo di lettura stimato\" \/>\n\t<meta name=\"twitter:data1\" content=\"2 minuti\" \/>\n<script type=\"application\/ld+json\" class=\"yoast-schema-graph\">{\"@context\":\"https:\/\/schema.org\",\"@graph\":[{\"@type\":\"WebPage\",\"@id\":\"https:\/\/tulipark.it\/shop\/negozio\/vega\/\",\"url\":\"https:\/\/tulipark.it\/shop\/negozio\/vega\/\",\"name\":\"Vega (Marrone Giallo) | TuliPark\u00ae - Vendita bulbi di tulipano online\",\"isPartOf\":{\"@id\":\"https:\/\/tulipark.it\/shop\/#website\"},\"primaryImageOfPage\":{\"@id\":\"https:\/\/tulipark.it\/shop\/negozio\/vega\/#primaryimage\"},\"image\":{\"@id\":\"https:\/\/tulipark.it\/shop\/negozio\/vega\/#primaryimage\"},\"thumbnailUrl\":\"https:\/\/tulipark.it\/shop\/wp-content\/uploads\/2022\/09\/Bulbi-di-tulipano-vega-TuliPark.jpg\",\"datePublished\":\"2025-09-24T09:01:37+00:00\",\"dateModified\":\"2025-10-31T09:12:39+00:00\",\"description\":\"Il tulipano vega \u00e8 un ricco castano-marrone con uno spesso bordo giallo aurora. \u00e8 di colore giallo, bordeaux fiammato dal basso verso l'alto.\",\"breadcrumb\":{\"@id\":\"https:\/\/tulipark.it\/shop\/negozio\/vega\/#breadcrumb\"},\"inLanguage\":\"it-IT\",\"potentialAction\":[{\"@type\":\"ReadAction\",\"target\":[\"https:\/\/tulipark.it\/shop\/negozio\/vega\/\"]}]},{\"@type\":\"ImageObject\",\"inLanguage\":\"it-IT\",\"@id\":\"https:\/\/tulipark.it\/shop\/negozio\/vega\/#primaryimage\",\"url\":\"https:\/\/tulipark.it\/shop\/wp-content\/uploads\/2022\/09\/Bulbi-di-tulipano-vega-TuliPark.jpg\",\"contentUrl\":\"https:\/\/tulipark.it\/shop\/wp-content\/uploads\/2022\/09\/Bulbi-di-tulipano-vega-TuliPark.jpg\",\"width\":1080,\"height\":1080},{\"@type\":\"BreadcrumbList\",\"@id\":\"https:\/\/tulipark.it\/shop\/negozio\/vega\/#breadcrumb\",\"itemListElement\":[{\"@type\":\"ListItem\",\"position\":1,\"name\":\"Home\",\"item\":\"https:\/\/tulipark.it\/shop\/\"},{\"@type\":\"ListItem\",\"position\":2,\"name\":\"Negozio\",\"item\":\"https:\/\/tulipark.it\/shop\/negozio\/\"},{\"@type\":\"ListItem\",\"position\":3,\"name\":\"Vega\"}]},{\"@type\":\"WebSite\",\"@id\":\"https:\/\/tulipark.it\/shop\/#website\",\"url\":\"https:\/\/tulipark.it\/shop\/\",\"name\":\"Vendita Bulbi di Tulipano Online \u2013 Spedizione dall\u2019Italia\",\"description\":\"Emozioni da cogliere\",\"publisher\":{\"@id\":\"https:\/\/tulipark.it\/shop\/#organization\"},\"alternateName\":\"Compra bulbi di tulipano\",\"potentialAction\":[{\"@type\":\"SearchAction\",\"target\":{\"@type\":\"EntryPoint\",\"urlTemplate\":\"https:\/\/tulipark.it\/shop\/?s={search_term_string}\"},\"query-input\":{\"@type\":\"PropertyValueSpecification\",\"valueRequired\":true,\"valueName\":\"search_term_string\"}}],\"inLanguage\":\"it-IT\"},{\"@type\":\"Organization\",\"@id\":\"https:\/\/tulipark.it\/shop\/#organization\",\"name\":\"TuliPark\u00ae\",\"alternateName\":\"TuliPark bulbi online\",\"url\":\"https:\/\/tulipark.it\/shop\/\",\"logo\":{\"@type\":\"ImageObject\",\"inLanguage\":\"it-IT\",\"@id\":\"https:\/\/tulipark.it\/shop\/#\/schema\/logo\/image\/\",\"url\":\"https:\/\/tulipark.it\/shop\/wp-content\/uploads\/2022\/07\/rotondo-logo-TULIPARK-registrato-1024x873-1.png\",\"contentUrl\":\"https:\/\/tulipark.it\/shop\/wp-content\/uploads\/2022\/07\/rotondo-logo-TULIPARK-registrato-1024x873-1.png\",\"width\":1024,\"height\":873,\"caption\":\"TuliPark\u00ae\"},\"image\":{\"@id\":\"https:\/\/tulipark.it\/shop\/#\/schema\/logo\/image\/\"},\"sameAs\":[\"https:\/\/it-it.facebook.com\/tuliparkroma\/\",\"https:\/\/x.com\/tulipark_roma\",\"https:\/\/www.instagram.com\/tulipark.roma\"],\"description\":\"TuliPark shop, \u00e8 gestito dalla DVCOM SRLS, che gestisce parchi a tema tulipano in Italia. Vendiamo i bulbi di tulipani come quelli piantati nei nostri parchi, professionali a fioritura garantita.\",\"email\":\"amministrazione@tulipark.it\",\"telephone\":\"3806342394\",\"legalName\":\"DVCOM srls\",\"foundingDate\":\"2017-06-20\",\"vatID\":\"15639501004\",\"publishingPrinciples\":\"https:\/\/tulipark.it\/shop\/condizioni-generali-di-vendita\/\"}]}<\/script>\n<!-- \/ Yoast SEO Premium plugin. -->","yoast_head_json":{"title":"Vega (Marrone Giallo) | TuliPark\u00ae - Vendita bulbi di tulipano online","description":"Il tulipano vega \u00e8 un ricco castano-marrone con uno spesso bordo giallo aurora. \u00e8 di colore giallo, bordeaux fiammato dal basso verso l'alto.","robots":{"index":"index","follow":"follow","max-snippet":"max-snippet:-1","max-image-preview":"max-image-preview:large","max-video-preview":"max-video-preview:-1"},"canonical":"https:\/\/tulipark.it\/shop\/negozio\/vega\/","og_locale":"it_IT","og_type":"article","og_title":"Vega","og_description":"Info utili: I bulbi di tulipano vengono spediti a partire da ottobre-novembre di ogni anno!  Il tulipano vega \u00e8 un ricco castano-marrone con uno spesso bordo giallo aurora. \u00e8 di colore giallo, bordeaux fiammato dal basso verso l'alto con una bella forma ovale. Vega \u00e8 un tulipano Darwin Hybrid \ud83c\udf37, apprezzato per i suoi fiori grandi e la fioritura medio-tardiva. Caratteristiche principali:     Gruppo: Darwin Hybrid    Colore: rosa chiaro con sfumature delicate, molto elegante    Altezza: circa 50\u201360 cm    Fioritura: met\u00e0 primavera (inizio aprile)    Caratteristiche: fiori grandi e robusti, ideali per aiuole, bordure e mazzi da taglio; resistente a vento e pioggia; perfetto per giardini decorativi   Scegli la quantit\u00e0 dal menu a tendina","og_url":"https:\/\/tulipark.it\/shop\/negozio\/vega\/","og_site_name":"TuliPark\u00ae - Vendita bulbi di tulipano online","article_publisher":"https:\/\/it-it.facebook.com\/tuliparkroma\/","article_modified_time":"2025-10-31T09:12:39+00:00","og_image":[{"width":1080,"height":1080,"url":"https:\/\/tulipark.it\/shop\/wp-content\/uploads\/2022\/09\/Bulbi-di-tulipano-vega-TuliPark.jpg","type":"image\/jpeg"}],"twitter_card":"summary_large_image","twitter_site":"@tulipark_roma","twitter_misc":{"Tempo di lettura stimato":"2 minuti"},"schema":{"@context":"https:\/\/schema.org","@graph":[{"@type":"WebPage","@id":"https:\/\/tulipark.it\/shop\/negozio\/vega\/","url":"https:\/\/tulipark.it\/shop\/negozio\/vega\/","name":"Vega (Marrone Giallo) | TuliPark\u00ae - Vendita bulbi di tulipano online","isPartOf":{"@id":"https:\/\/tulipark.it\/shop\/#website"},"primaryImageOfPage":{"@id":"https:\/\/tulipark.it\/shop\/negozio\/vega\/#primaryimage"},"image":{"@id":"https:\/\/tulipark.it\/shop\/negozio\/vega\/#primaryimage"},"thumbnailUrl":"https:\/\/tulipark.it\/shop\/wp-content\/uploads\/2022\/09\/Bulbi-di-tulipano-vega-TuliPark.jpg","datePublished":"2025-09-24T09:01:37+00:00","dateModified":"2025-10-31T09:12:39+00:00","description":"Il tulipano vega \u00e8 un ricco castano-marrone con uno spesso bordo giallo aurora. \u00e8 di colore giallo, bordeaux fiammato dal basso verso l'alto.","breadcrumb":{"@id":"https:\/\/tulipark.it\/shop\/negozio\/vega\/#breadcrumb"},"inLanguage":"it-IT","potentialAction":[{"@type":"ReadAction","target":["https:\/\/tulipark.it\/shop\/negozio\/vega\/"]}]},{"@type":"ImageObject","inLanguage":"it-IT","@id":"https:\/\/tulipark.it\/shop\/negozio\/vega\/#primaryimage","url":"https:\/\/tulipark.it\/shop\/wp-content\/uploads\/2022\/09\/Bulbi-di-tulipano-vega-TuliPark.jpg","contentUrl":"https:\/\/tulipark.it\/shop\/wp-content\/uploads\/2022\/09\/Bulbi-di-tulipano-vega-TuliPark.jpg","width":1080,"height":1080},{"@type":"BreadcrumbList","@id":"https:\/\/tulipark.it\/shop\/negozio\/vega\/#breadcrumb","itemListElement":[{"@type":"ListItem","position":1,"name":"Home","item":"https:\/\/tulipark.it\/shop\/"},{"@type":"ListItem","position":2,"name":"Negozio","item":"https:\/\/tulipark.it\/shop\/negozio\/"},{"@type":"ListItem","position":3,"name":"Vega"}]},{"@type":"WebSite","@id":"https:\/\/tulipark.it\/shop\/#website","url":"https:\/\/tulipark.it\/shop\/","name":"Vendita Bulbi di Tulipano Online \u2013 Spedizione dall\u2019Italia","description":"Emozioni da cogliere","publisher":{"@id":"https:\/\/tulipark.it\/shop\/#organization"},"alternateName":"Compra bulbi di tulipano","potentialAction":[{"@type":"SearchAction","target":{"@type":"EntryPoint","urlTemplate":"https:\/\/tulipark.it\/shop\/?s={search_term_string}"},"query-input":{"@type":"PropertyValueSpecification","valueRequired":true,"valueName":"search_term_string"}}],"inLanguage":"it-IT"},{"@type":"Organization","@id":"https:\/\/tulipark.it\/shop\/#organization","name":"TuliPark\u00ae","alternateName":"TuliPark bulbi online","url":"https:\/\/tulipark.it\/shop\/","logo":{"@type":"ImageObject","inLanguage":"it-IT","@id":"https:\/\/tulipark.it\/shop\/#\/schema\/logo\/image\/","url":"https:\/\/tulipark.it\/shop\/wp-content\/uploads\/2022\/07\/rotondo-logo-TULIPARK-registrato-1024x873-1.png","contentUrl":"https:\/\/tulipark.it\/shop\/wp-content\/uploads\/2022\/07\/rotondo-logo-TULIPARK-registrato-1024x873-1.png","width":1024,"height":873,"caption":"TuliPark\u00ae"},"image":{"@id":"https:\/\/tulipark.it\/shop\/#\/schema\/logo\/image\/"},"sameAs":["https:\/\/it-it.facebook.com\/tuliparkroma\/","https:\/\/x.com\/tulipark_roma","https:\/\/www.instagram.com\/tulipark.roma"],"description":"TuliPark shop, \u00e8 gestito dalla DVCOM SRLS, che gestisce parchi a tema tulipano in Italia. Vendiamo i bulbi di tulipani come quelli piantati nei nostri parchi, professionali a fioritura garantita.","email":"amministrazione@tulipark.it","telephone":"3806342394","legalName":"DVCOM srls","foundingDate":"2017-06-20","vatID":"15639501004","publishingPrinciples":"https:\/\/tulipark.it\/shop\/condizioni-generali-di-vendita\/"}]}},"_links":{"self":[{"href":"https:\/\/tulipark.it\/shop\/wp-json\/wp\/v2\/product\/9804","targetHints":{"allow":["GET"]}}],"collection":[{"href":"https:\/\/tulipark.it\/shop\/wp-json\/wp\/v2\/product"}],"about":[{"href":"https:\/\/tulipark.it\/shop\/wp-json\/wp\/v2\/types\/product"}],"wp:featuredmedia":[{"embeddable":true,"href":"https:\/\/tulipark.it\/shop\/wp-json\/wp\/v2\/media\/11011"}],"wp:attachment":[{"href":"https:\/\/tulipark.it\/shop\/wp-json\/wp\/v2\/media?parent=9804"}],"wp:term":[{"taxonomy":"product_brand","embeddable":true,"href":"https:\/\/tulipark.it\/shop\/wp-json\/wp\/v2\/product_brand?post=9804"},{"taxonomy":"product_cat","embeddable":true,"href":"https:\/\/tulipark.it\/shop\/wp-json\/wp\/v2\/product_cat?post=9804"},{"taxonomy":"product_tag","embeddable":true,"href":"https:\/\/tulipark.it\/shop\/wp-json\/wp\/v2\/product_tag?post=9804"}],"curies":[{"name":"wp","href":"https:\/\/api.w.org\/{rel}","templated":true}]}}